{"id":178,"date":"2021-03-14T22:43:17","date_gmt":"2021-03-14T22:43:17","guid":{"rendered":"https:\/\/bicolabor.com\/?page_id=178"},"modified":"2021-05-05T01:26:16","modified_gmt":"2021-05-05T01:26:16","slug":"bico-work-opportunities","status":"publish","type":"page","link":"https:\/\/bicolabor.com\/pt\/bico-work-opportunities\/","title":{"rendered":"Bico Oportunidades de Trabalho"},"content":{"rendered":"<h3 class=\"wp-block-heading\"><strong>Benef\u00edcios de Trabalho Incr\u00edveis para Todos os Membros da Equipe!<\/strong><\/h3>\n\n\n\n<ul class=\"wp-block-list\"><li><strong>B\u00f4nus de $100 Pagos a Cada 400 Horas Trabalhadas<\/strong><\/li><li><strong>Sal\u00e1rios Pagos Semanalmente \u00e0s Sextas-feiras<\/strong><\/li><li><strong>Potencial de Ganho Ilimitado ao Construir e Gerenciar sua Pr\u00f3pria Tripula\u00e7\u00e3o<\/strong><\/li><\/ul>\n\n\n\n<h4 class=\"wp-block-heading\">Inscreva-se Hoje para Saber Mais Sobre as Oportunidades de Trabalho Dispon\u00edveis em Sua \u00c1rea!<\/h4>\n\n\n\n<p>We speak multiple languages!<\/p>\n\n\n\n<p>Falamos v\u00e1rios idiomas!<\/p>\n\n\n\n<p>Hablamos varios idiomas!<\/p>\n\n\n<div id=\"erf_form_container_184\" class=\"erf-container erf-contact erf-label-top erf-layout-one-column erf-style-rounded-corner\">\n        \n    \n         \n                    <div class=\"erf-content-above\">\n                Entre em contato preenchendo o formul\u00e1rio abaixo.            <\/div>\n            <form method=\"post\" enctype=\"multipart\/form-data\" class=\"erf-form erf-front-form\" data-parsley-validate=\"\" novalidate=\"true\" data-erf-submission-id=\"0\" data-erf-form-id=\"184\" action=\"\">\n                <div class=\"erf-form-html\" id=\"erf_form_184\">\n                    <div class=\"rendered-form\">\n                        <div class=\"erf-text form-group field-text-94316068730 erf-element-width-12\"><label for=\"text-94316068730\" class=\"erf-text-label\">Nome<span class=\"erf-required\">*<\/span><\/label><input type='text' required='required' maxlength='50' class='form-control' name='text-94316068730' data-ref-label='Name' id='text-94316068730'  \/><\/div><div class=\"erf-email form-group field-text-17795938799 erf-element-width-12\"><label for=\"text-17795938799\" class=\"erf-email-label\">Email<span class=\"erf-required\">*<\/span><\/label><input type='email' required='required' class='form-control' name='text-17795938799' data-ref-label='Email' id='text-17795938799'  \/><\/div><div class=\"erf-number form-group field-field-4fK2zH8i8Q5OJd9 erf-element-width-12\"><label for=\"field-4fK2zH8i8Q5OJd9\" class=\"erf-number-label\">N\u00famero de Telefone<span class=\"erf-required\">*<\/span><\/label><input type='number' data-ref-label='Phone Number' class='form-control' name='field-4fK2zH8i8Q5OJd9' required='required' id='field-4fK2zH8i8Q5OJd9'  \/><\/div><div class=\"erf-street1 form-group field-field-zsxyIbhgyZuH5fX erf-element-width-12\"><label for=\"field-zsxyIbhgyZuH5fX\" class=\"erf-street1-label\">Endere\u00e7o para Correspond\u00eancia<span class=\"erf-required\">*<\/span><\/label><input type='street1' data-ref-label='street' class='form-control' name='field-zsxyIbhgyZuH5fX' required='required' id='field-zsxyIbhgyZuH5fX'  \/><\/div><div class=\"erf-city form-group field-field-oxdDTqVCZMojp2w erf-element-width-12\"><label for=\"field-oxdDTqVCZMojp2w\" class=\"erf-city-label\">Cidade<span class=\"erf-required\">*<\/span><\/label><input type='city' data-ref-label='City' class='form-control' name='field-oxdDTqVCZMojp2w' required='required' id='field-oxdDTqVCZMojp2w'  \/><\/div><div class=\"erf-text form-group field-field-ywxos4Wjt3vsy82 erf-element-width-12\"><label for=\"field-ywxos4Wjt3vsy82\" class=\"erf-text-label\">State<span class=\"erf-required\">*<\/span><\/label><input type='text' data-ref-label='State' class='form-control' name='field-ywxos4Wjt3vsy82' required='required' id='field-ywxos4Wjt3vsy82'  \/><\/div><div class=\"erf-zip form-group field-field-W7mQSrcSWkxQE0f erf-element-width-12\"><label for=\"field-W7mQSrcSWkxQE0f\" class=\"erf-zip-label\">C\u00f3digo Postal<span class=\"erf-required\">*<\/span><\/label><input type='zip' data-ref-label='zip' class='form-control' name='field-W7mQSrcSWkxQE0f' required='required' id='field-W7mQSrcSWkxQE0f'  \/><\/div><div class=\"erf-checkbox-group form-group field-field-Ghfy56iJRNu4PD6 erf-element-width-12\"><label for=\"field-Ghfy56iJRNu4PD6\" class=\"erf-checkbox-group-label\">Experi\u00eancia de Trabalho<\/label><div class=\"checkbox-group\"><div class=\"checkbox\"><input id=\"field-Ghfy56iJRNu4PD6-0\" name='field-Ghfy56iJRNu4PD6[]' data-ref-label='Checkbox_Group1' class='form-control' multiple='1'  type=\"checkbox\" value=\"Cleaning\" \/><label for=\"field-Ghfy56iJRNu4PD6-0\">Limpeza<\/label><\/div><div class=\"checkbox\"><input id=\"field-Ghfy56iJRNu4PD6-1\" name='field-Ghfy56iJRNu4PD6[]' data-ref-label='Checkbox_Group1' class='form-control' multiple='1'  type=\"checkbox\" value=\"Construction\" \/><label for=\"field-Ghfy56iJRNu4PD6-1\">Constru\u00e7\u00e3o<\/label><\/div><div class=\"checkbox\"><input id=\"field-Ghfy56iJRNu4PD6-2\" name='field-Ghfy56iJRNu4PD6[]' data-ref-label='Checkbox_Group1' class='form-control' multiple='1'  type=\"checkbox\" value=\"Painting\" \/><label for=\"field-Ghfy56iJRNu4PD6-2\">Pintor<\/label><\/div><div class=\"checkbox\"><input id=\"field-Ghfy56iJRNu4PD6-3\" name='field-Ghfy56iJRNu4PD6[]' data-ref-label='Checkbox_Group1' class='form-control' multiple='1'  type=\"checkbox\" value=\"Masonry\" \/><label for=\"field-Ghfy56iJRNu4PD6-3\">Alvenaria<\/label><\/div><div class=\"checkbox\"><input id=\"field-Ghfy56iJRNu4PD6-4\" name='field-Ghfy56iJRNu4PD6[]' data-ref-label='Checkbox_Group1' class='form-control' multiple='1'  type=\"checkbox\" value=\"Carpentry\" \/><label for=\"field-Ghfy56iJRNu4PD6-4\">Carpintaria<\/label><\/div><div class=\"checkbox\"><input id=\"field-Ghfy56iJRNu4PD6-5\" name='field-Ghfy56iJRNu4PD6[]' data-ref-label='Checkbox_Group1' class='form-control' multiple='1'  type=\"checkbox\" value=\"Maintenance\" \/><label for=\"field-Ghfy56iJRNu4PD6-5\">Faz-Tudo<\/label><\/div><div class=\"checkbox\"><input id=\"field-Ghfy56iJRNu4PD6-6\" name='field-Ghfy56iJRNu4PD6[]' data-ref-label='Checkbox_Group1' class='form-control' multiple='1'  type=\"checkbox\" value=\"Roofing\" \/><label for=\"field-Ghfy56iJRNu4PD6-6\">Telhado<\/label><\/div><div class=\"checkbox\"><input id=\"field-Ghfy56iJRNu4PD6-7\" name='field-Ghfy56iJRNu4PD6[]' data-ref-label='Checkbox_Group1' class='form-control' multiple='1'  type=\"checkbox\" value=\"Landscaping\" \/><label for=\"field-Ghfy56iJRNu4PD6-7\">Paisagismo<\/label><\/div><div class=\"checkbox\"><input id=\"field-Ghfy56iJRNu4PD6-8\" name='field-Ghfy56iJRNu4PD6[]' data-ref-label='Checkbox_Group1' class='form-control' multiple='1'  type=\"checkbox\" value=\"Packing &amp; Warehouse\" \/><label for=\"field-Ghfy56iJRNu4PD6-8\">Embalagem<\/label><\/div><div class=\"checkbox\"><input id=\"field-Ghfy56iJRNu4PD6-9\" name='field-Ghfy56iJRNu4PD6[]' data-ref-label='Checkbox_Group1' class='form-control' multiple='1'  type=\"checkbox\" value=\"Moving\" \/><label for=\"field-Ghfy56iJRNu4PD6-9\">Mudan\u00e7a<\/label><\/div><\/div><\/div><div class=\"erf-radio-group form-group field-field-y2dTvofYQ9mNTEB erf-element-width-12\"><label for=\"field-y2dTvofYQ9mNTEB\" class=\"erf-radio-group-label\">L\u00edngua Preferida<span class=\"erf-required\">*<\/span><\/label><div class=\"radio-group\"><div class=\"radio\"><input id=\"field-y2dTvofYQ9mNTEB-0\" name='field-y2dTvofYQ9mNTEB' data-ref-label='Preferred Language' required='required' class='form-control'  type=\"radio\" value=\"English\" \/><label for=\"field-y2dTvofYQ9mNTEB-0\">English<\/label><\/div><div class=\"radio\"><input id=\"field-y2dTvofYQ9mNTEB-1\" name='field-y2dTvofYQ9mNTEB' data-ref-label='Preferred Language' required='required' class='form-control'  type=\"radio\" value=\"Spanish\" \/><label for=\"field-y2dTvofYQ9mNTEB-1\">Espa\u00f1ol<\/label><\/div><div class=\"radio\"><input id=\"field-y2dTvofYQ9mNTEB-2\" name='field-y2dTvofYQ9mNTEB' data-ref-label='Preferred Language' required='required' class='form-control'  type=\"radio\" value=\"Portuguese\" \/><label for=\"field-y2dTvofYQ9mNTEB-2\">Portugu\u00e9s<\/label><\/div><div class=\"radio\"><input id=\"field-y2dTvofYQ9mNTEB-3\" name='field-y2dTvofYQ9mNTEB' data-ref-label='Preferred Language' required='required' class='form-control'  type=\"radio\" value=\"Other\" \/><label for=\"field-y2dTvofYQ9mNTEB-3\">Other<\/label><\/div><\/div><\/div><div class=\"erf-radio-group form-group field-field-Ws3OdWYG0Hwjn6F erf-element-width-12\"><label for=\"field-Ws3OdWYG0Hwjn6F\" class=\"erf-radio-group-label\">Reliable Transportation & Valid Drivers License<span class=\"erf-required\">*<\/span><\/label><div class=\"radio-group\"><div class=\"radio\"><input id=\"field-Ws3OdWYG0Hwjn6F-0\" name='field-Ws3OdWYG0Hwjn6F' data-ref-label='Reliable Transportation' required='required' class='form-control'  type=\"radio\" value=\"Yes\" \/><label for=\"field-Ws3OdWYG0Hwjn6F-0\">Sim<\/label><\/div><div class=\"radio\"><input id=\"field-Ws3OdWYG0Hwjn6F-1\" name='field-Ws3OdWYG0Hwjn6F' data-ref-label='Reliable Transportation' required='required' class='form-control'  type=\"radio\" value=\"No\" \/><label for=\"field-Ws3OdWYG0Hwjn6F-1\">N\u00e3o<\/label><\/div><\/div><\/div><div class=\"erf-radio-group form-group field-field-gaVCRcu2NSJyzKB erf-element-width-12\"><label for=\"field-gaVCRcu2NSJyzKB\" class=\"erf-radio-group-label\">Own Tools<span class=\"erf-required\">*<\/span><\/label><div class=\"radio-group\"><div class=\"radio\"><input id=\"field-gaVCRcu2NSJyzKB-0\" name='field-gaVCRcu2NSJyzKB' data-ref-label='Own Tools' required='required' class='form-control'  type=\"radio\" value=\"Yes\" \/><label for=\"field-gaVCRcu2NSJyzKB-0\">Sim<\/label><\/div><div class=\"radio\"><input id=\"field-gaVCRcu2NSJyzKB-1\" name='field-gaVCRcu2NSJyzKB' data-ref-label='Own Tools' required='required' class='form-control'  type=\"radio\" value=\"Some\" \/><label for=\"field-gaVCRcu2NSJyzKB-1\">Alguns<\/label><\/div><div class=\"radio\"><input id=\"field-gaVCRcu2NSJyzKB-2\" name='field-gaVCRcu2NSJyzKB' data-ref-label='Own Tools' required='required' class='form-control'  type=\"radio\" value=\"No\" \/><label for=\"field-gaVCRcu2NSJyzKB-2\">N\u00e3o<\/label><\/div><\/div><\/div><div class=\"erf-textarea form-group field-textarea-5812250299 erf-element-width-12\"><label for=\"textarea-5812250299\" class=\"erf-textarea-label\">Mensagem<span class=\"erf-required\">*<\/span><\/label><textarea maxlength='500' rows='5' required='required' class='form-control' name='textarea-5812250299' data-ref-label='Message' id='textarea-5812250299' ><\/textarea><\/div><div class=\"erf-file form-group field-field-7tF7I5GK5d5pcU2 erf-element-width-12\"><label for=\"field-7tF7I5GK5d5pcU2\" class=\"erf-file-label\">Fotos de Exemplos de Trabalho - Opcional<\/label><input type='file' data-ref-label='Work Examples' class='form-control' name='field-7tF7I5GK5d5pcU2' id='field-7tF7I5GK5d5pcU2'  \/><\/div><div class=\"erf-button form-group field-button-3657384861 erf-element-width-12\"><button type='submit'class='btn btn-default'name='button-3657384861'data-ref-label='Send'id='button-3657384861'>Mandar<\/button><\/div>                    <\/div> \n                <\/div>    \n\n                <div class=\"erf-external-form-elements\">\n                    \n                    \n                    \n\n                    \n                                        <div class=\"erf-errors\" style=\"display:none\">\n                        <span class=\"erf-errors-head erf-error-row\">Error occured. Please confirm your data and submit again:<\/span>\n                        <div class=\"erf-errors-body\">\n                                                    <\/div> \n                    <\/div>\n\n                <\/div>\n                <!-- Contains multipage Next,Previous buttons -->\n                <div class=\"erf-form-nav clearfix\"><\/div> \n\n                <!-- Single page form button -->\n                <div class=\"erf-submit-button clearfix\"><\/div>\n\n\n                <input type=\"hidden\" name=\"erform_id\" value=\"184\" \/>\n                <input type=\"hidden\" id=\"erform_submission_nonce\" name=\"erform_submission_nonce\" value=\"62fe894a0f\" \/><input type=\"hidden\" name=\"_wp_http_referer\" value=\"\/pt\/wp-json\/wp\/v2\/pages\/178\" \/>                <input type=\"hidden\" name=\"action\" value=\"erf_submit_form\" \/>\n\n            <input type=\"hidden\" name=\"trp-form-language\" value=\"pt\"\/><\/form>\n            \n<\/div>\n\n\n\n\n<div class=\"wp-block-cover has-background-dim\"><img decoding=\"async\" width=\"2560\" height=\"1440\" class=\"wp-block-cover__image-background wp-image-208\" alt=\"\" src=\"https:\/\/bicolabor.com\/wp-content\/uploads\/2021\/03\/k-mitch-hodge-Esi7nknKxmw-unsplash-scaled.jpg\" data-object-fit=\"cover\" srcset=\"https:\/\/bicolabor.com\/wp-content\/uploads\/2021\/03\/k-mitch-hodge-Esi7nknKxmw-unsplash-scaled.jpg 2560w, https:\/\/bicolabor.com\/wp-content\/uploads\/2021\/03\/k-mitch-hodge-Esi7nknKxmw-unsplash-300x169.jpg 300w, https:\/\/bicolabor.com\/wp-content\/uploads\/2021\/03\/k-mitch-hodge-Esi7nknKxmw-unsplash-1024x576.jpg 1024w, https:\/\/bicolabor.com\/wp-content\/uploads\/2021\/03\/k-mitch-hodge-Esi7nknKxmw-unsplash-768x432.jpg 768w, https:\/\/bicolabor.com\/wp-content\/uploads\/2021\/03\/k-mitch-hodge-Esi7nknKxmw-unsplash-1536x864.jpg 1536w, https:\/\/bicolabor.com\/wp-content\/uploads\/2021\/03\/k-mitch-hodge-Esi7nknKxmw-unsplash-2048x1152.jpg 2048w, https:\/\/bicolabor.com\/wp-content\/uploads\/2021\/03\/k-mitch-hodge-Esi7nknKxmw-unsplash-100x56.jpg 100w, https:\/\/bicolabor.com\/wp-content\/uploads\/2021\/03\/k-mitch-hodge-Esi7nknKxmw-unsplash-600x337.jpg 600w\" sizes=\"(max-width: 2560px) 100vw, 2560px\" \/><div class=\"wp-block-cover__inner-container is-layout-flow wp-block-cover-is-layout-flow\">\n<p class=\"has-text-align-center has-large-font-size\">BicoLabor \u00e9 um \u00f3timo lugar para Trabalhar e Crescer com seus amigos!!<\/p>\n<\/div><\/div>","protected":false},"excerpt":{"rendered":"<p>Incredible Work Benefits for All Team Members! $100 Bonuses Paid Every 400 Hours Worked Wages Paid Weekly on Fridays Unlimited Earning Potential by Building &amp; Managing Your Own Crew Register Today to Learn about Available Bico Work Opportunities in your area! We speak multiple languages! Falamos v\u00e1rios idiomas! Hablamos varios idiomas!<\/p>","protected":false},"author":2,"featured_media":337,"parent":0,"menu_order":0,"comment_status":"closed","ping_status":"closed","template":"","meta":{"_monsterinsights_skip_tracking":false,"_monsterinsights_sitenote_active":false,"_monsterinsights_sitenote_note":"","_monsterinsights_sitenote_category":0,"two_page_speed":[],"_vp_format_video_url":"","_vp_image_focal_point":[],"footnotes":""},"class_list":["post-178","page","type-page","status-publish","has-post-thumbnail","hentry"],"yoast_head":"<!-- This site is optimized with the Yoast SEO plugin v27.3 - https:\/\/yoast.com\/product\/yoast-seo-wordpress\/ -->\n<title>Bico Work Opportunities - BicoLabor<\/title>\n<meta name=\"robots\" content=\"index, follow, max-snippet:-1, max-image-preview:large, max-video-preview:-1\" \/>\n<link rel=\"canonical\" href=\"https:\/\/bicolabor.com\/pt\/bico-work-opportunities\/\" \/>\n<meta property=\"og:locale\" content=\"pt_BR\" \/>\n<meta property=\"og:type\" content=\"article\" \/>\n<meta property=\"og:title\" content=\"Bico Work Opportunities - BicoLabor\" \/>\n<meta property=\"og:description\" content=\"Incredible Work Benefits for All Team Members! $100 Bonuses Paid Every 400 Hours Worked Wages Paid Weekly on Fridays Unlimited Earning Potential by Building &amp; Managing Your Own Crew Register Today to Learn about Available Bico Work Opportunities in your area! We speak multiple languages! Falamos v\u00e1rios idiomas! Hablamos varios idiomas!\" \/>\n<meta property=\"og:url\" content=\"https:\/\/bicolabor.com\/pt\/bico-work-opportunities\/\" \/>\n<meta property=\"og:site_name\" content=\"BicoLabor\" \/>\n<meta property=\"article:modified_time\" content=\"2021-05-05T01:26:16+00:00\" \/>\n<meta property=\"og:image\" content=\"https:\/\/bicolabor.com\/wp-content\/uploads\/2021\/05\/factory-workers-greeting-each-others-with-elbows-during-corona-virus-pandemic_342744-104.jpg\" \/>\n\t<meta property=\"og:image:width\" content=\"626\" \/>\n\t<meta property=\"og:image:height\" content=\"417\" \/>\n\t<meta property=\"og:image:type\" content=\"image\/jpeg\" \/>\n<meta name=\"twitter:card\" content=\"summary_large_image\" \/>\n<meta name=\"twitter:label1\" content=\"Est. tempo de leitura\" \/>\n\t<meta name=\"twitter:data1\" content=\"1 minuto\" \/>\n<script type=\"application\/ld+json\" class=\"yoast-schema-graph\">{\"@context\":\"https:\\\/\\\/schema.org\",\"@graph\":[{\"@type\":\"WebPage\",\"@id\":\"https:\\\/\\\/bicolabor.com\\\/bico-work-opportunities\\\/\",\"url\":\"https:\\\/\\\/bicolabor.com\\\/bico-work-opportunities\\\/\",\"name\":\"Bico Work Opportunities - BicoLabor\",\"isPartOf\":{\"@id\":\"https:\\\/\\\/bicolabor.com\\\/#website\"},\"primaryImageOfPage\":{\"@id\":\"https:\\\/\\\/bicolabor.com\\\/bico-work-opportunities\\\/#primaryimage\"},\"image\":{\"@id\":\"https:\\\/\\\/bicolabor.com\\\/bico-work-opportunities\\\/#primaryimage\"},\"thumbnailUrl\":\"https:\\\/\\\/bicolabor.com\\\/wp-content\\\/uploads\\\/2021\\\/05\\\/factory-workers-greeting-each-others-with-elbows-during-corona-virus-pandemic_342744-104.jpg\",\"datePublished\":\"2021-03-14T22:43:17+00:00\",\"dateModified\":\"2021-05-05T01:26:16+00:00\",\"breadcrumb\":{\"@id\":\"https:\\\/\\\/bicolabor.com\\\/bico-work-opportunities\\\/#breadcrumb\"},\"inLanguage\":\"pt-BR\",\"potentialAction\":[{\"@type\":\"ReadAction\",\"target\":[\"https:\\\/\\\/bicolabor.com\\\/bico-work-opportunities\\\/\"]}]},{\"@type\":\"ImageObject\",\"inLanguage\":\"pt-BR\",\"@id\":\"https:\\\/\\\/bicolabor.com\\\/bico-work-opportunities\\\/#primaryimage\",\"url\":\"https:\\\/\\\/bicolabor.com\\\/wp-content\\\/uploads\\\/2021\\\/05\\\/factory-workers-greeting-each-others-with-elbows-during-corona-virus-pandemic_342744-104.jpg\",\"contentUrl\":\"https:\\\/\\\/bicolabor.com\\\/wp-content\\\/uploads\\\/2021\\\/05\\\/factory-workers-greeting-each-others-with-elbows-during-corona-virus-pandemic_342744-104.jpg\",\"width\":626,\"height\":417},{\"@type\":\"BreadcrumbList\",\"@id\":\"https:\\\/\\\/bicolabor.com\\\/bico-work-opportunities\\\/#breadcrumb\",\"itemListElement\":[{\"@type\":\"ListItem\",\"position\":1,\"name\":\"Home\",\"item\":\"https:\\\/\\\/bicolabor.com\\\/\"},{\"@type\":\"ListItem\",\"position\":2,\"name\":\"Bico Work Opportunities\"}]},{\"@type\":\"WebSite\",\"@id\":\"https:\\\/\\\/bicolabor.com\\\/#website\",\"url\":\"https:\\\/\\\/bicolabor.com\\\/\",\"name\":\"BicoLabor\",\"description\":\"General Contracting &amp; Renovations\",\"potentialAction\":[{\"@type\":\"SearchAction\",\"target\":{\"@type\":\"EntryPoint\",\"urlTemplate\":\"https:\\\/\\\/bicolabor.com\\\/?s={search_term_string}\"},\"query-input\":{\"@type\":\"PropertyValueSpecification\",\"valueRequired\":true,\"valueName\":\"search_term_string\"}}],\"inLanguage\":\"pt-BR\"}]}<\/script>\n<!-- \/ Yoast SEO plugin. -->","yoast_head_json":{"title":"Bico Work Opportunities - BicoLabor","robots":{"index":"index","follow":"follow","max-snippet":"max-snippet:-1","max-image-preview":"max-image-preview:large","max-video-preview":"max-video-preview:-1"},"canonical":"https:\/\/bicolabor.com\/pt\/bico-work-opportunities\/","og_locale":"pt_BR","og_type":"article","og_title":"Bico Work Opportunities - BicoLabor","og_description":"Incredible Work Benefits for All Team Members! $100 Bonuses Paid Every 400 Hours Worked Wages Paid Weekly on Fridays Unlimited Earning Potential by Building &amp; Managing Your Own Crew Register Today to Learn about Available Bico Work Opportunities in your area! We speak multiple languages! Falamos v\u00e1rios idiomas! Hablamos varios idiomas!","og_url":"https:\/\/bicolabor.com\/pt\/bico-work-opportunities\/","og_site_name":"BicoLabor","article_modified_time":"2021-05-05T01:26:16+00:00","og_image":[{"width":626,"height":417,"url":"https:\/\/bicolabor.com\/wp-content\/uploads\/2021\/05\/factory-workers-greeting-each-others-with-elbows-during-corona-virus-pandemic_342744-104.jpg","type":"image\/jpeg"}],"twitter_card":"summary_large_image","twitter_misc":{"Est. tempo de leitura":"1 minuto"},"schema":{"@context":"https:\/\/schema.org","@graph":[{"@type":"WebPage","@id":"https:\/\/bicolabor.com\/bico-work-opportunities\/","url":"https:\/\/bicolabor.com\/bico-work-opportunities\/","name":"Bico Work Opportunities - BicoLabor","isPartOf":{"@id":"https:\/\/bicolabor.com\/#website"},"primaryImageOfPage":{"@id":"https:\/\/bicolabor.com\/bico-work-opportunities\/#primaryimage"},"image":{"@id":"https:\/\/bicolabor.com\/bico-work-opportunities\/#primaryimage"},"thumbnailUrl":"https:\/\/bicolabor.com\/wp-content\/uploads\/2021\/05\/factory-workers-greeting-each-others-with-elbows-during-corona-virus-pandemic_342744-104.jpg","datePublished":"2021-03-14T22:43:17+00:00","dateModified":"2021-05-05T01:26:16+00:00","breadcrumb":{"@id":"https:\/\/bicolabor.com\/bico-work-opportunities\/#breadcrumb"},"inLanguage":"pt-BR","potentialAction":[{"@type":"ReadAction","target":["https:\/\/bicolabor.com\/bico-work-opportunities\/"]}]},{"@type":"ImageObject","inLanguage":"pt-BR","@id":"https:\/\/bicolabor.com\/bico-work-opportunities\/#primaryimage","url":"https:\/\/bicolabor.com\/wp-content\/uploads\/2021\/05\/factory-workers-greeting-each-others-with-elbows-during-corona-virus-pandemic_342744-104.jpg","contentUrl":"https:\/\/bicolabor.com\/wp-content\/uploads\/2021\/05\/factory-workers-greeting-each-others-with-elbows-during-corona-virus-pandemic_342744-104.jpg","width":626,"height":417},{"@type":"BreadcrumbList","@id":"https:\/\/bicolabor.com\/bico-work-opportunities\/#breadcrumb","itemListElement":[{"@type":"ListItem","position":1,"name":"Home","item":"https:\/\/bicolabor.com\/"},{"@type":"ListItem","position":2,"name":"Bico Work Opportunities"}]},{"@type":"WebSite","@id":"https:\/\/bicolabor.com\/#website","url":"https:\/\/bicolabor.com\/","name":"BicoLabor","description":"Contrata\u00e7\u00f5es Gerais e Renova\u00e7\u00f5es","potentialAction":[{"@type":"SearchAction","target":{"@type":"EntryPoint","urlTemplate":"https:\/\/bicolabor.com\/?s={search_term_string}"},"query-input":{"@type":"PropertyValueSpecification","valueRequired":true,"valueName":"search_term_string"}}],"inLanguage":"pt-BR"}]}},"jetpack_sharing_enabled":true,"_links":{"self":[{"href":"https:\/\/bicolabor.com\/pt\/wp-json\/wp\/v2\/pages\/178","targetHints":{"allow":["GET"]}}],"collection":[{"href":"https:\/\/bicolabor.com\/pt\/wp-json\/wp\/v2\/pages"}],"about":[{"href":"https:\/\/bicolabor.com\/pt\/wp-json\/wp\/v2\/types\/page"}],"author":[{"embeddable":true,"href":"https:\/\/bicolabor.com\/pt\/wp-json\/wp\/v2\/users\/2"}],"replies":[{"embeddable":true,"href":"https:\/\/bicolabor.com\/pt\/wp-json\/wp\/v2\/comments?post=178"}],"version-history":[{"count":0,"href":"https:\/\/bicolabor.com\/pt\/wp-json\/wp\/v2\/pages\/178\/revisions"}],"wp:featuredmedia":[{"embeddable":true,"href":"https:\/\/bicolabor.com\/pt\/wp-json\/wp\/v2\/media\/337"}],"wp:attachment":[{"href":"https:\/\/bicolabor.com\/pt\/wp-json\/wp\/v2\/media?parent=178"}],"curies":[{"name":"wp","href":"https:\/\/api.w.org\/{rel}","templated":true}]}}