{"id":468,"date":"2022-03-15T22:54:55","date_gmt":"2022-03-15T22:54:55","guid":{"rendered":"https:\/\/bicolabor.com\/portfolio\/"},"modified":"2022-03-15T22:54:56","modified_gmt":"2022-03-15T22:54:56","slug":"portfolio","status":"publish","type":"page","link":"https:\/\/bicolabor.com\/pt\/portfolio\/","title":{"rendered":"Portfolio"},"content":{"rendered":"<div class=\"wp-block-visual-portfolio\">\n<div class=\"vp-portfolio vp-uid-b58df0e3 vp-id-a2172ec6\"\n\tdata-vp-layout=\"tiles\" data-vp-content-source=\"post-based\" data-vp-items-style=\"fade\" data-vp-items-click-action=\"url\" data-vp-items-gap=\"30\" data-vp-items-gap-vertical=\"\" data-vp-pagination=\"paged\" data-vp-next-page-url=\"\" data-vp-tiles-type=\"3|1,1|\" >\n\t<div class=\"vp-portfolio__preloader-wrap\">\n\t\t<div class=\"vp-portfolio__preloader\">\n\t\t\t<img decoding=\"async\" loading=\"eager\" src=\"https:\/\/bicolabor.com\/wp-content\/plugins\/visual-portfolio\/assets\/images\/logo-dark.svg\" alt=\"Visual Portfolio, Posts &amp; Image Gallery for WordPress\" width=\"20\" height=\"20\" data-skip-lazy>\n\t\t<\/div>\n\t<\/div>\n\t\t<div class=\"vp-portfolio__items-wrap\">\n\t\t\t\n<div class=\"vp-portfolio__items vp-portfolio__items-style-fade vp-portfolio__items-show-overlay-hover\">\n\n\t\t<article\t\tclass=\"vp-portfolio__item-wrap post-342 page type-page status-publish has-post-thumbnail hentry vp-portfolio__item-uid-32e0c5c8\" data-vp-filter=\"\" \t\t>\n\t\t\t\t\t\t\t\t\t<figure class=\"vp-portfolio__item\">\n\t\t\t\t\n<div class=\"vp-portfolio__item-img-wrap\">\n\t<div class=\"vp-portfolio__item-img\">\n\t\t\t<a\n\t\thref=\"https:\/\/bicolabor.com\/pt\/\"\n\t\taria-label=\"General Contracting &amp; Renovations\" \t>\n\t\n\t\t<noscript><img decoding=\"async\" width=\"1000\" height=\"607\" data-skip-lazy src=\"https:\/\/bicolabor.com\/wp-content\/uploads\/2021\/06\/cropped-shutterstock_49407058-scaled-1.jpg\" class=\"wp-image-502\" alt=\"\" srcset=\"https:\/\/bicolabor.com\/wp-content\/uploads\/2021\/06\/cropped-shutterstock_49407058-scaled-1.jpg 1000w, https:\/\/bicolabor.com\/wp-content\/uploads\/2021\/06\/cropped-shutterstock_49407058-scaled-1-300x182.jpg 300w, https:\/\/bicolabor.com\/wp-content\/uploads\/2021\/06\/cropped-shutterstock_49407058-scaled-1-768x466.jpg 768w, https:\/\/bicolabor.com\/wp-content\/uploads\/2021\/06\/cropped-shutterstock_49407058-scaled-1-18x12.jpg 18w, https:\/\/bicolabor.com\/wp-content\/uploads\/2021\/06\/cropped-shutterstock_49407058-scaled-1-100x61.jpg 100w, https:\/\/bicolabor.com\/wp-content\/uploads\/2021\/06\/cropped-shutterstock_49407058-scaled-1-500x304.jpg 500w, https:\/\/bicolabor.com\/wp-content\/uploads\/2021\/06\/cropped-shutterstock_49407058-scaled-1-800x486.jpg 800w, https:\/\/bicolabor.com\/wp-content\/uploads\/2021\/06\/cropped-shutterstock_49407058-scaled-1-600x364.jpg 600w\" sizes=\"(max-width: 1000px) 100vw, 1000px\" \/><\/noscript><img fetchpriority=\"high\" decoding=\"async\" width=\"1000\" height=\"607\" src=\"https:\/\/bicolabor.com\/wp-content\/uploads\/2021\/06\/cropped-shutterstock_49407058-scaled-1.jpg\" class=\"wp-image-502 vp-lazyload\" alt srcset=\"data:image\/svg+xml;base64,PHN2ZyB3aWR0aD0iMTAwMCIgaGVpZ2h0PSI2MDciIHZpZXdCb3g9IjAgMCAxMDAwIDYwNyIgZmlsbD0ibm9uZSIgeG1sbnM9Imh0dHA6Ly93d3cudzMub3JnLzIwMDAvc3ZnIj48L3N2Zz4=\" data-src=\"https:\/\/bicolabor.com\/wp-content\/uploads\/2021\/06\/cropped-shutterstock_49407058-scaled-1.jpg\" data-srcset=\"https:\/\/bicolabor.com\/wp-content\/uploads\/2021\/06\/cropped-shutterstock_49407058-scaled-1.jpg 1000w, https:\/\/bicolabor.com\/wp-content\/uploads\/2021\/06\/cropped-shutterstock_49407058-scaled-1-300x182.jpg 300w, https:\/\/bicolabor.com\/wp-content\/uploads\/2021\/06\/cropped-shutterstock_49407058-scaled-1-768x466.jpg 768w, https:\/\/bicolabor.com\/wp-content\/uploads\/2021\/06\/cropped-shutterstock_49407058-scaled-1-18x12.jpg 18w, https:\/\/bicolabor.com\/wp-content\/uploads\/2021\/06\/cropped-shutterstock_49407058-scaled-1-100x61.jpg 100w, https:\/\/bicolabor.com\/wp-content\/uploads\/2021\/06\/cropped-shutterstock_49407058-scaled-1-500x304.jpg 500w, https:\/\/bicolabor.com\/wp-content\/uploads\/2021\/06\/cropped-shutterstock_49407058-scaled-1-800x486.jpg 800w, https:\/\/bicolabor.com\/wp-content\/uploads\/2021\/06\/cropped-shutterstock_49407058-scaled-1-600x364.jpg 600w\" data-sizes=\"auto\" loading=\"eager\">\n\t\t<\/a>\t<\/div>\n<\/div>\n\t<figcaption class=\"vp-portfolio__item-overlay vp-portfolio__item-overlay-text-align-center\">\n\t\t<div class=\"vp-portfolio__item-meta-wrap vp-portfolio__custom-scrollbar\">\n\t\t\t\t<a\n\t\thref=\"https:\/\/bicolabor.com\/pt\/\"\n\t\ttabindex=\"-1\" class=\"vp-portfolio__item-meta\" aria-label=\"General Contracting &amp; Renovations\" \t>\n\t\n<h2 class=\"vp-portfolio__item-meta-title\">\n\tContrata\u00e7\u00f5es Gerais e Renova\u00e7\u00f5es<\/h2>\n<\/a>\t\t<\/div>\n\t<\/figcaption>\n\t\t\t<\/figure>\n\t\t\t\t\t<\/article>\n\t\t\n<\/div>\n\t\t<\/div>\n\t\t\t\t<div class=\"vp-portfolio__layout-elements vp-portfolio__layout-elements-bottom vp-portfolio__layout-elements-align-center\">\n\t\t\t\t<div class=\"vp-portfolio__pagination-wrap\">\n\t\t\t\t<\/div>\n\t\t\t\t<\/div>\n\t\t\n<\/div>\n<\/div>","protected":false},"excerpt":{"rendered":"","protected":false},"author":2,"featured_media":0,"parent":0,"menu_order":0,"comment_status":"closed","ping_status":"closed","template":"","meta":{"_monsterinsights_skip_tracking":false,"_monsterinsights_sitenote_active":false,"_monsterinsights_sitenote_note":"","_monsterinsights_sitenote_category":0,"two_page_speed":[],"_vp_format_video_url":"","_vp_image_focal_point":[],"footnotes":""},"class_list":["post-468","page","type-page","status-publish","hentry"],"yoast_head":"<!-- This site is optimized with the Yoast SEO plugin v27.3 - https:\/\/yoast.com\/product\/yoast-seo-wordpress\/ -->\n<title>Portfolio - BicoLabor<\/title>\n<meta name=\"robots\" content=\"index, follow, max-snippet:-1, max-image-preview:large, max-video-preview:-1\" \/>\n<link rel=\"canonical\" href=\"https:\/\/bicolabor.com\/pt\/portfolio\/\" \/>\n<meta property=\"og:locale\" content=\"pt_BR\" \/>\n<meta property=\"og:type\" content=\"article\" \/>\n<meta property=\"og:title\" content=\"Portfolio - BicoLabor\" \/>\n<meta property=\"og:url\" content=\"https:\/\/bicolabor.com\/pt\/portfolio\/\" \/>\n<meta property=\"og:site_name\" content=\"BicoLabor\" \/>\n<meta property=\"article:modified_time\" content=\"2022-03-15T22:54:56+00:00\" \/>\n<meta name=\"twitter:card\" content=\"summary_large_image\" \/>\n<script type=\"application\/ld+json\" class=\"yoast-schema-graph\">{\"@context\":\"https:\\\/\\\/schema.org\",\"@graph\":[{\"@type\":\"WebPage\",\"@id\":\"https:\\\/\\\/bicolabor.com\\\/portfolio\\\/\",\"url\":\"https:\\\/\\\/bicolabor.com\\\/portfolio\\\/\",\"name\":\"Portfolio - BicoLabor\",\"isPartOf\":{\"@id\":\"https:\\\/\\\/bicolabor.com\\\/#website\"},\"datePublished\":\"2022-03-15T22:54:55+00:00\",\"dateModified\":\"2022-03-15T22:54:56+00:00\",\"breadcrumb\":{\"@id\":\"https:\\\/\\\/bicolabor.com\\\/portfolio\\\/#breadcrumb\"},\"inLanguage\":\"pt-BR\",\"potentialAction\":[{\"@type\":\"ReadAction\",\"target\":[\"https:\\\/\\\/bicolabor.com\\\/portfolio\\\/\"]}]},{\"@type\":\"BreadcrumbList\",\"@id\":\"https:\\\/\\\/bicolabor.com\\\/portfolio\\\/#breadcrumb\",\"itemListElement\":[{\"@type\":\"ListItem\",\"position\":1,\"name\":\"Home\",\"item\":\"https:\\\/\\\/bicolabor.com\\\/\"},{\"@type\":\"ListItem\",\"position\":2,\"name\":\"Portfolio\"}]},{\"@type\":\"WebSite\",\"@id\":\"https:\\\/\\\/bicolabor.com\\\/#website\",\"url\":\"https:\\\/\\\/bicolabor.com\\\/\",\"name\":\"BicoLabor\",\"description\":\"General Contracting &amp; Renovations\",\"potentialAction\":[{\"@type\":\"SearchAction\",\"target\":{\"@type\":\"EntryPoint\",\"urlTemplate\":\"https:\\\/\\\/bicolabor.com\\\/?s={search_term_string}\"},\"query-input\":{\"@type\":\"PropertyValueSpecification\",\"valueRequired\":true,\"valueName\":\"search_term_string\"}}],\"inLanguage\":\"pt-BR\"}]}<\/script>\n<!-- \/ Yoast SEO plugin. -->","yoast_head_json":{"title":"Portfolio - BicoLabor","robots":{"index":"index","follow":"follow","max-snippet":"max-snippet:-1","max-image-preview":"max-image-preview:large","max-video-preview":"max-video-preview:-1"},"canonical":"https:\/\/bicolabor.com\/pt\/portfolio\/","og_locale":"pt_BR","og_type":"article","og_title":"Portfolio - BicoLabor","og_url":"https:\/\/bicolabor.com\/pt\/portfolio\/","og_site_name":"BicoLabor","article_modified_time":"2022-03-15T22:54:56+00:00","twitter_card":"summary_large_image","schema":{"@context":"https:\/\/schema.org","@graph":[{"@type":"WebPage","@id":"https:\/\/bicolabor.com\/portfolio\/","url":"https:\/\/bicolabor.com\/portfolio\/","name":"Portfolio - BicoLabor","isPartOf":{"@id":"https:\/\/bicolabor.com\/#website"},"datePublished":"2022-03-15T22:54:55+00:00","dateModified":"2022-03-15T22:54:56+00:00","breadcrumb":{"@id":"https:\/\/bicolabor.com\/portfolio\/#breadcrumb"},"inLanguage":"pt-BR","potentialAction":[{"@type":"ReadAction","target":["https:\/\/bicolabor.com\/portfolio\/"]}]},{"@type":"BreadcrumbList","@id":"https:\/\/bicolabor.com\/portfolio\/#breadcrumb","itemListElement":[{"@type":"ListItem","position":1,"name":"Home","item":"https:\/\/bicolabor.com\/"},{"@type":"ListItem","position":2,"name":"Portfolio"}]},{"@type":"WebSite","@id":"https:\/\/bicolabor.com\/#website","url":"https:\/\/bicolabor.com\/","name":"BicoLabor","description":"Contrata\u00e7\u00f5es Gerais e Renova\u00e7\u00f5es","potentialAction":[{"@type":"SearchAction","target":{"@type":"EntryPoint","urlTemplate":"https:\/\/bicolabor.com\/?s={search_term_string}"},"query-input":{"@type":"PropertyValueSpecification","valueRequired":true,"valueName":"search_term_string"}}],"inLanguage":"pt-BR"}]}},"jetpack_sharing_enabled":true,"_links":{"self":[{"href":"https:\/\/bicolabor.com\/pt\/wp-json\/wp\/v2\/pages\/468","targetHints":{"allow":["GET"]}}],"collection":[{"href":"https:\/\/bicolabor.com\/pt\/wp-json\/wp\/v2\/pages"}],"about":[{"href":"https:\/\/bicolabor.com\/pt\/wp-json\/wp\/v2\/types\/page"}],"author":[{"embeddable":true,"href":"https:\/\/bicolabor.com\/pt\/wp-json\/wp\/v2\/users\/2"}],"replies":[{"embeddable":true,"href":"https:\/\/bicolabor.com\/pt\/wp-json\/wp\/v2\/comments?post=468"}],"version-history":[{"count":0,"href":"https:\/\/bicolabor.com\/pt\/wp-json\/wp\/v2\/pages\/468\/revisions"}],"wp:attachment":[{"href":"https:\/\/bicolabor.com\/pt\/wp-json\/wp\/v2\/media?parent=468"}],"curies":[{"name":"wp","href":"https:\/\/api.w.org\/{rel}","templated":true}]}}