{"id":551,"date":"2024-01-18T06:21:55","date_gmt":"2024-01-18T06:21:55","guid":{"rendered":"https:\/\/bicolabor.com\/?page_id=551"},"modified":"2024-02-13T21:37:38","modified_gmt":"2024-02-13T21:37:38","slug":"contact-us","status":"publish","type":"page","link":"https:\/\/bicolabor.com\/pt\/contact-us\/","title":{"rendered":"Contact Us"},"content":{"rendered":"","protected":false},"excerpt":{"rendered":"","protected":false},"author":2,"featured_media":537,"parent":0,"menu_order":0,"comment_status":"closed","ping_status":"closed","template":"contact","meta":{"_monsterinsights_skip_tracking":false,"_monsterinsights_sitenote_active":false,"_monsterinsights_sitenote_note":"","_monsterinsights_sitenote_category":0,"two_page_speed":[],"_vp_format_video_url":"","_vp_image_focal_point":[],"footnotes":""},"class_list":["post-551","page","type-page","status-publish","has-post-thumbnail","hentry"],"yoast_head":"<!-- This site is optimized with the Yoast SEO plugin v27.3 - https:\/\/yoast.com\/product\/yoast-seo-wordpress\/ -->\n<title>Contact Us - BicoLabor<\/title>\n<meta name=\"description\" content=\"BicoLabor provides remodeling services in Bucks County PA, Montgomery County PA, Delaware County PA, and Chester County PA\" \/>\n<meta name=\"robots\" content=\"index, follow, max-snippet:-1, max-image-preview:large, max-video-preview:-1\" \/>\n<link rel=\"canonical\" href=\"https:\/\/bicolabor.com\/pt\/contact-us\/\" \/>\n<meta property=\"og:locale\" content=\"pt_BR\" \/>\n<meta property=\"og:type\" content=\"article\" \/>\n<meta property=\"og:title\" content=\"Contact Us - BicoLabor\" \/>\n<meta property=\"og:description\" content=\"BicoLabor provides remodeling services in Bucks County PA, Montgomery County PA, Delaware County PA, and Chester County PA\" \/>\n<meta property=\"og:url\" content=\"https:\/\/bicolabor.com\/pt\/contact-us\/\" \/>\n<meta property=\"og:site_name\" content=\"BicoLabor\" \/>\n<meta property=\"article:modified_time\" content=\"2024-02-13T21:37:38+00:00\" \/>\n<meta property=\"og:image\" content=\"https:\/\/bicolabor.com\/wp-content\/uploads\/2024\/01\/logodesign_bicolabor_tucan_cmykprint_Mesa-de-trabajo-1.png\" \/>\n\t<meta property=\"og:image:width\" content=\"4961\" \/>\n\t<meta property=\"og:image:height\" content=\"3508\" \/>\n\t<meta property=\"og:image:type\" content=\"image\/png\" \/>\n<meta name=\"twitter:card\" content=\"summary_large_image\" \/>\n<meta name=\"twitter:label1\" content=\"Est. tempo de leitura\" \/>\n\t<meta name=\"twitter:data1\" content=\"1 minuto\" \/>\n<script type=\"application\/ld+json\" class=\"yoast-schema-graph\">{\"@context\":\"https:\\\/\\\/schema.org\",\"@graph\":[{\"@type\":\"WebPage\",\"@id\":\"https:\\\/\\\/bicolabor.com\\\/contact-us\\\/\",\"url\":\"https:\\\/\\\/bicolabor.com\\\/contact-us\\\/\",\"name\":\"Contact Us - BicoLabor\",\"isPartOf\":{\"@id\":\"https:\\\/\\\/bicolabor.com\\\/#website\"},\"primaryImageOfPage\":{\"@id\":\"https:\\\/\\\/bicolabor.com\\\/contact-us\\\/#primaryimage\"},\"image\":{\"@id\":\"https:\\\/\\\/bicolabor.com\\\/contact-us\\\/#primaryimage\"},\"thumbnailUrl\":\"https:\\\/\\\/bicolabor.com\\\/wp-content\\\/uploads\\\/2024\\\/01\\\/logodesign_bicolabor_tucan_cmykprint_Mesa-de-trabajo-1.png\",\"datePublished\":\"2024-01-18T06:21:55+00:00\",\"dateModified\":\"2024-02-13T21:37:38+00:00\",\"description\":\"BicoLabor provides remodeling services in Bucks County PA, Montgomery County PA, Delaware County PA, and Chester County PA\",\"breadcrumb\":{\"@id\":\"https:\\\/\\\/bicolabor.com\\\/contact-us\\\/#breadcrumb\"},\"inLanguage\":\"pt-BR\",\"potentialAction\":[{\"@type\":\"ReadAction\",\"target\":[\"https:\\\/\\\/bicolabor.com\\\/contact-us\\\/\"]}]},{\"@type\":\"ImageObject\",\"inLanguage\":\"pt-BR\",\"@id\":\"https:\\\/\\\/bicolabor.com\\\/contact-us\\\/#primaryimage\",\"url\":\"https:\\\/\\\/bicolabor.com\\\/wp-content\\\/uploads\\\/2024\\\/01\\\/logodesign_bicolabor_tucan_cmykprint_Mesa-de-trabajo-1.png\",\"contentUrl\":\"https:\\\/\\\/bicolabor.com\\\/wp-content\\\/uploads\\\/2024\\\/01\\\/logodesign_bicolabor_tucan_cmykprint_Mesa-de-trabajo-1.png\",\"width\":4961,\"height\":3508},{\"@type\":\"BreadcrumbList\",\"@id\":\"https:\\\/\\\/bicolabor.com\\\/contact-us\\\/#breadcrumb\",\"itemListElement\":[{\"@type\":\"ListItem\",\"position\":1,\"name\":\"Home\",\"item\":\"https:\\\/\\\/bicolabor.com\\\/\"},{\"@type\":\"ListItem\",\"position\":2,\"name\":\"Contact Us\"}]},{\"@type\":\"WebSite\",\"@id\":\"https:\\\/\\\/bicolabor.com\\\/#website\",\"url\":\"https:\\\/\\\/bicolabor.com\\\/\",\"name\":\"BicoLabor\",\"description\":\"General Contracting &amp; Renovations\",\"potentialAction\":[{\"@type\":\"SearchAction\",\"target\":{\"@type\":\"EntryPoint\",\"urlTemplate\":\"https:\\\/\\\/bicolabor.com\\\/?s={search_term_string}\"},\"query-input\":{\"@type\":\"PropertyValueSpecification\",\"valueRequired\":true,\"valueName\":\"search_term_string\"}}],\"inLanguage\":\"pt-BR\"}]}<\/script>\n<!-- \/ Yoast SEO plugin. -->","yoast_head_json":{"title":"Contact Us - BicoLabor","description":"BicoLabor provides remodeling services in Bucks County PA, Montgomery County PA, Delaware County PA, and Chester County PA","robots":{"index":"index","follow":"follow","max-snippet":"max-snippet:-1","max-image-preview":"max-image-preview:large","max-video-preview":"max-video-preview:-1"},"canonical":"https:\/\/bicolabor.com\/pt\/contact-us\/","og_locale":"pt_BR","og_type":"article","og_title":"Contact Us - BicoLabor","og_description":"BicoLabor provides remodeling services in Bucks County PA, Montgomery County PA, Delaware County PA, and Chester County PA","og_url":"https:\/\/bicolabor.com\/pt\/contact-us\/","og_site_name":"BicoLabor","article_modified_time":"2024-02-13T21:37:38+00:00","og_image":[{"width":4961,"height":3508,"url":"https:\/\/bicolabor.com\/wp-content\/uploads\/2024\/01\/logodesign_bicolabor_tucan_cmykprint_Mesa-de-trabajo-1.png","type":"image\/png"}],"twitter_card":"summary_large_image","twitter_misc":{"Est. tempo de leitura":"1 minuto"},"schema":{"@context":"https:\/\/schema.org","@graph":[{"@type":"WebPage","@id":"https:\/\/bicolabor.com\/contact-us\/","url":"https:\/\/bicolabor.com\/contact-us\/","name":"Contact Us - BicoLabor","isPartOf":{"@id":"https:\/\/bicolabor.com\/#website"},"primaryImageOfPage":{"@id":"https:\/\/bicolabor.com\/contact-us\/#primaryimage"},"image":{"@id":"https:\/\/bicolabor.com\/contact-us\/#primaryimage"},"thumbnailUrl":"https:\/\/bicolabor.com\/wp-content\/uploads\/2024\/01\/logodesign_bicolabor_tucan_cmykprint_Mesa-de-trabajo-1.png","datePublished":"2024-01-18T06:21:55+00:00","dateModified":"2024-02-13T21:37:38+00:00","description":"BicoLabor provides remodeling services in Bucks County PA, Montgomery County PA, Delaware County PA, and Chester County PA","breadcrumb":{"@id":"https:\/\/bicolabor.com\/contact-us\/#breadcrumb"},"inLanguage":"pt-BR","potentialAction":[{"@type":"ReadAction","target":["https:\/\/bicolabor.com\/contact-us\/"]}]},{"@type":"ImageObject","inLanguage":"pt-BR","@id":"https:\/\/bicolabor.com\/contact-us\/#primaryimage","url":"https:\/\/bicolabor.com\/wp-content\/uploads\/2024\/01\/logodesign_bicolabor_tucan_cmykprint_Mesa-de-trabajo-1.png","contentUrl":"https:\/\/bicolabor.com\/wp-content\/uploads\/2024\/01\/logodesign_bicolabor_tucan_cmykprint_Mesa-de-trabajo-1.png","width":4961,"height":3508},{"@type":"BreadcrumbList","@id":"https:\/\/bicolabor.com\/contact-us\/#breadcrumb","itemListElement":[{"@type":"ListItem","position":1,"name":"Home","item":"https:\/\/bicolabor.com\/"},{"@type":"ListItem","position":2,"name":"Contact Us"}]},{"@type":"WebSite","@id":"https:\/\/bicolabor.com\/#website","url":"https:\/\/bicolabor.com\/","name":"BicoLabor","description":"Contrata\u00e7\u00f5es Gerais e Renova\u00e7\u00f5es","potentialAction":[{"@type":"SearchAction","target":{"@type":"EntryPoint","urlTemplate":"https:\/\/bicolabor.com\/?s={search_term_string}"},"query-input":{"@type":"PropertyValueSpecification","valueRequired":true,"valueName":"search_term_string"}}],"inLanguage":"pt-BR"}]}},"jetpack_sharing_enabled":true,"_links":{"self":[{"href":"https:\/\/bicolabor.com\/pt\/wp-json\/wp\/v2\/pages\/551","targetHints":{"allow":["GET"]}}],"collection":[{"href":"https:\/\/bicolabor.com\/pt\/wp-json\/wp\/v2\/pages"}],"about":[{"href":"https:\/\/bicolabor.com\/pt\/wp-json\/wp\/v2\/types\/page"}],"author":[{"embeddable":true,"href":"https:\/\/bicolabor.com\/pt\/wp-json\/wp\/v2\/users\/2"}],"replies":[{"embeddable":true,"href":"https:\/\/bicolabor.com\/pt\/wp-json\/wp\/v2\/comments?post=551"}],"version-history":[{"count":0,"href":"https:\/\/bicolabor.com\/pt\/wp-json\/wp\/v2\/pages\/551\/revisions"}],"wp:featuredmedia":[{"embeddable":true,"href":"https:\/\/bicolabor.com\/pt\/wp-json\/wp\/v2\/media\/537"}],"wp:attachment":[{"href":"https:\/\/bicolabor.com\/pt\/wp-json\/wp\/v2\/media?parent=551"}],"curies":[{"name":"wp","href":"https:\/\/api.w.org\/{rel}","templated":true}]}}