{"id":749,"date":"2024-01-24T03:02:44","date_gmt":"2024-01-24T03:02:44","guid":{"rendered":"https:\/\/bicolabor.com\/?page_id=749"},"modified":"2026-04-03T05:10:40","modified_gmt":"2026-04-03T05:10:40","slug":"cleaning-services","status":"publish","type":"page","link":"https:\/\/bicolabor.com\/pt\/cleaning-services\/","title":{"rendered":"Cleaning Services"},"content":{"rendered":"","protected":false},"excerpt":{"rendered":"","protected":false},"author":2,"featured_media":748,"parent":0,"menu_order":0,"comment_status":"closed","ping_status":"closed","template":"wp-custom-template-cleaning-services","meta":{"_monsterinsights_skip_tracking":false,"_monsterinsights_sitenote_active":false,"_monsterinsights_sitenote_note":"","_monsterinsights_sitenote_category":0,"two_page_speed":[],"_vp_format_video_url":"","_vp_image_focal_point":[],"footnotes":""},"class_list":["post-749","page","type-page","status-publish","has-post-thumbnail","hentry"],"yoast_head":"<!-- This site is optimized with the Yoast SEO plugin v27.3 - https:\/\/yoast.com\/product\/yoast-seo-wordpress\/ -->\n<title>Reliable Commercial &amp; Home Cleaning Services | BicoLabor<\/title>\n<meta name=\"description\" content=\"BicoLabor provides commercial cleaning services and residential cleaning services with trained professionals, ensuring clean and well-maintained spaces.\" \/>\n<meta name=\"robots\" content=\"index, follow, max-snippet:-1, max-image-preview:large, max-video-preview:-1\" \/>\n<link rel=\"canonical\" href=\"https:\/\/bicolabor.com\/pt\/cleaning-services\/\" \/>\n<meta property=\"og:locale\" content=\"pt_BR\" \/>\n<meta property=\"og:type\" content=\"article\" \/>\n<meta property=\"og:title\" content=\"Reliable Commercial &amp; Home Cleaning Services | BicoLabor\" \/>\n<meta property=\"og:description\" content=\"BicoLabor provides commercial cleaning services and residential cleaning services with trained professionals, ensuring clean and well-maintained spaces.\" \/>\n<meta property=\"og:url\" content=\"https:\/\/bicolabor.com\/pt\/cleaning-services\/\" \/>\n<meta property=\"og:site_name\" content=\"BicoLabor\" \/>\n<meta property=\"article:modified_time\" content=\"2026-04-03T05:10:40+00:00\" \/>\n<meta property=\"og:image\" content=\"https:\/\/bicolabor.com\/wp-content\/uploads\/2024\/01\/pexels-tima-miroshnichenko-6195125-scaled.jpg\" \/>\n\t<meta property=\"og:image:width\" content=\"2560\" \/>\n\t<meta property=\"og:image:height\" content=\"1673\" \/>\n\t<meta property=\"og:image:type\" content=\"image\/jpeg\" \/>\n<meta name=\"twitter:card\" content=\"summary_large_image\" \/>\n<meta name=\"twitter:label1\" content=\"Est. tempo de leitura\" \/>\n\t<meta name=\"twitter:data1\" content=\"1 minuto\" \/>\n<script type=\"application\/ld+json\" class=\"yoast-schema-graph\">{\"@context\":\"https:\\\/\\\/schema.org\",\"@graph\":[{\"@type\":\"WebPage\",\"@id\":\"https:\\\/\\\/bicolabor.com\\\/cleaning-services\\\/\",\"url\":\"https:\\\/\\\/bicolabor.com\\\/cleaning-services\\\/\",\"name\":\"Reliable Commercial & Home Cleaning Services | BicoLabor\",\"isPartOf\":{\"@id\":\"https:\\\/\\\/bicolabor.com\\\/#website\"},\"primaryImageOfPage\":{\"@id\":\"https:\\\/\\\/bicolabor.com\\\/cleaning-services\\\/#primaryimage\"},\"image\":{\"@id\":\"https:\\\/\\\/bicolabor.com\\\/cleaning-services\\\/#primaryimage\"},\"thumbnailUrl\":\"https:\\\/\\\/bicolabor.com\\\/wp-content\\\/uploads\\\/2024\\\/01\\\/pexels-tima-miroshnichenko-6195125-scaled.jpg\",\"datePublished\":\"2024-01-24T03:02:44+00:00\",\"dateModified\":\"2026-04-03T05:10:40+00:00\",\"description\":\"BicoLabor provides commercial cleaning services and residential cleaning services with trained professionals, ensuring clean and well-maintained spaces.\",\"breadcrumb\":{\"@id\":\"https:\\\/\\\/bicolabor.com\\\/cleaning-services\\\/#breadcrumb\"},\"inLanguage\":\"pt-BR\",\"potentialAction\":[{\"@type\":\"ReadAction\",\"target\":[\"https:\\\/\\\/bicolabor.com\\\/cleaning-services\\\/\"]}]},{\"@type\":\"ImageObject\",\"inLanguage\":\"pt-BR\",\"@id\":\"https:\\\/\\\/bicolabor.com\\\/cleaning-services\\\/#primaryimage\",\"url\":\"https:\\\/\\\/bicolabor.com\\\/wp-content\\\/uploads\\\/2024\\\/01\\\/pexels-tima-miroshnichenko-6195125-scaled.jpg\",\"contentUrl\":\"https:\\\/\\\/bicolabor.com\\\/wp-content\\\/uploads\\\/2024\\\/01\\\/pexels-tima-miroshnichenko-6195125-scaled.jpg\",\"width\":2560,\"height\":1673},{\"@type\":\"BreadcrumbList\",\"@id\":\"https:\\\/\\\/bicolabor.com\\\/cleaning-services\\\/#breadcrumb\",\"itemListElement\":[{\"@type\":\"ListItem\",\"position\":1,\"name\":\"Home\",\"item\":\"https:\\\/\\\/bicolabor.com\\\/\"},{\"@type\":\"ListItem\",\"position\":2,\"name\":\"Cleaning Services\"}]},{\"@type\":\"WebSite\",\"@id\":\"https:\\\/\\\/bicolabor.com\\\/#website\",\"url\":\"https:\\\/\\\/bicolabor.com\\\/\",\"name\":\"BicoLabor\",\"description\":\"General Contracting &amp; Renovations\",\"potentialAction\":[{\"@type\":\"SearchAction\",\"target\":{\"@type\":\"EntryPoint\",\"urlTemplate\":\"https:\\\/\\\/bicolabor.com\\\/?s={search_term_string}\"},\"query-input\":{\"@type\":\"PropertyValueSpecification\",\"valueRequired\":true,\"valueName\":\"search_term_string\"}}],\"inLanguage\":\"pt-BR\"}]}<\/script>\n<!-- \/ Yoast SEO plugin. -->","yoast_head_json":{"title":"Reliable Commercial & Home Cleaning Services | BicoLabor","description":"BicoLabor provides commercial cleaning services and residential cleaning services with trained professionals, ensuring clean and well-maintained spaces.","robots":{"index":"index","follow":"follow","max-snippet":"max-snippet:-1","max-image-preview":"max-image-preview:large","max-video-preview":"max-video-preview:-1"},"canonical":"https:\/\/bicolabor.com\/pt\/cleaning-services\/","og_locale":"pt_BR","og_type":"article","og_title":"Reliable Commercial & Home Cleaning Services | BicoLabor","og_description":"BicoLabor provides commercial cleaning services and residential cleaning services with trained professionals, ensuring clean and well-maintained spaces.","og_url":"https:\/\/bicolabor.com\/pt\/cleaning-services\/","og_site_name":"BicoLabor","article_modified_time":"2026-04-03T05:10:40+00:00","og_image":[{"width":2560,"height":1673,"url":"https:\/\/bicolabor.com\/wp-content\/uploads\/2024\/01\/pexels-tima-miroshnichenko-6195125-scaled.jpg","type":"image\/jpeg"}],"twitter_card":"summary_large_image","twitter_misc":{"Est. tempo de leitura":"1 minuto"},"schema":{"@context":"https:\/\/schema.org","@graph":[{"@type":"WebPage","@id":"https:\/\/bicolabor.com\/cleaning-services\/","url":"https:\/\/bicolabor.com\/cleaning-services\/","name":"Reliable Commercial & Home Cleaning Services | BicoLabor","isPartOf":{"@id":"https:\/\/bicolabor.com\/#website"},"primaryImageOfPage":{"@id":"https:\/\/bicolabor.com\/cleaning-services\/#primaryimage"},"image":{"@id":"https:\/\/bicolabor.com\/cleaning-services\/#primaryimage"},"thumbnailUrl":"https:\/\/bicolabor.com\/wp-content\/uploads\/2024\/01\/pexels-tima-miroshnichenko-6195125-scaled.jpg","datePublished":"2024-01-24T03:02:44+00:00","dateModified":"2026-04-03T05:10:40+00:00","description":"BicoLabor provides commercial cleaning services and residential cleaning services with trained professionals, ensuring clean and well-maintained spaces.","breadcrumb":{"@id":"https:\/\/bicolabor.com\/cleaning-services\/#breadcrumb"},"inLanguage":"pt-BR","potentialAction":[{"@type":"ReadAction","target":["https:\/\/bicolabor.com\/cleaning-services\/"]}]},{"@type":"ImageObject","inLanguage":"pt-BR","@id":"https:\/\/bicolabor.com\/cleaning-services\/#primaryimage","url":"https:\/\/bicolabor.com\/wp-content\/uploads\/2024\/01\/pexels-tima-miroshnichenko-6195125-scaled.jpg","contentUrl":"https:\/\/bicolabor.com\/wp-content\/uploads\/2024\/01\/pexels-tima-miroshnichenko-6195125-scaled.jpg","width":2560,"height":1673},{"@type":"BreadcrumbList","@id":"https:\/\/bicolabor.com\/cleaning-services\/#breadcrumb","itemListElement":[{"@type":"ListItem","position":1,"name":"Home","item":"https:\/\/bicolabor.com\/"},{"@type":"ListItem","position":2,"name":"Cleaning Services"}]},{"@type":"WebSite","@id":"https:\/\/bicolabor.com\/#website","url":"https:\/\/bicolabor.com\/","name":"BicoLabor","description":"Contrata\u00e7\u00f5es Gerais e Renova\u00e7\u00f5es","potentialAction":[{"@type":"SearchAction","target":{"@type":"EntryPoint","urlTemplate":"https:\/\/bicolabor.com\/?s={search_term_string}"},"query-input":{"@type":"PropertyValueSpecification","valueRequired":true,"valueName":"search_term_string"}}],"inLanguage":"pt-BR"}]}},"jetpack_sharing_enabled":true,"_links":{"self":[{"href":"https:\/\/bicolabor.com\/pt\/wp-json\/wp\/v2\/pages\/749","targetHints":{"allow":["GET"]}}],"collection":[{"href":"https:\/\/bicolabor.com\/pt\/wp-json\/wp\/v2\/pages"}],"about":[{"href":"https:\/\/bicolabor.com\/pt\/wp-json\/wp\/v2\/types\/page"}],"author":[{"embeddable":true,"href":"https:\/\/bicolabor.com\/pt\/wp-json\/wp\/v2\/users\/2"}],"replies":[{"embeddable":true,"href":"https:\/\/bicolabor.com\/pt\/wp-json\/wp\/v2\/comments?post=749"}],"version-history":[{"count":0,"href":"https:\/\/bicolabor.com\/pt\/wp-json\/wp\/v2\/pages\/749\/revisions"}],"wp:featuredmedia":[{"embeddable":true,"href":"https:\/\/bicolabor.com\/pt\/wp-json\/wp\/v2\/media\/748"}],"wp:attachment":[{"href":"https:\/\/bicolabor.com\/pt\/wp-json\/wp\/v2\/media?parent=749"}],"curies":[{"name":"wp","href":"https:\/\/api.w.org\/{rel}","templated":true}]}}